{"id":2,"date":"2024-09-23T11:16:45","date_gmt":"2024-09-23T11:16:45","guid":{"rendered":"https:\/\/priereboulotdodo.com\/?page_id=2"},"modified":"2026-01-07T17:44:01","modified_gmt":"2026-01-07T17:44:01","slug":"sample-page","status":"publish","type":"page","link":"https:\/\/priereboulotdodo.com\/en\/","title":{"rendered":"Accueil"},"content":{"rendered":"\t\t<div data-elementor-type=\"wp-page\" data-elementor-id=\"2\" class=\"elementor elementor-2\" data-elementor-post-type=\"page\">\n\t\t\t\t<div class=\"elementor-element elementor-element-6803bf01 e-con-full e-flex e-con e-parent\" data-id=\"6803bf01\" data-element_type=\"container\" data-e-type=\"container\" data-settings=\"{&quot;background_background&quot;:&quot;video&quot;}\">\n\t\t\t\t<div class=\"elementor-element elementor-element-51842520 elementor-pagination-position-inside elementor-pagination-type-bullets elementor-invisible elementor-widget elementor-widget-n-carousel\" data-id=\"51842520\" data-element_type=\"widget\" data-e-type=\"widget\" data-settings=\"{&quot;carousel_items&quot;:[{&quot;slide_title&quot;:&quot;Slide #1&quot;,&quot;_id&quot;:&quot;d321a37&quot;}],&quot;slides_to_show&quot;:&quot;1&quot;,&quot;slides_to_scroll&quot;:&quot;1&quot;,&quot;image_spacing_custom&quot;:{&quot;unit&quot;:&quot;px&quot;,&quot;size&quot;:0,&quot;sizes&quot;:[]},&quot;slides_to_show_tablet&quot;:&quot;1&quot;,&quot;image_spacing_custom_tablet&quot;:{&quot;unit&quot;:&quot;px&quot;,&quot;size&quot;:0,&quot;sizes&quot;:[]},&quot;image_spacing_custom_mobile&quot;:{&quot;unit&quot;:&quot;px&quot;,&quot;size&quot;:0,&quot;sizes&quot;:[]},&quot;_animation&quot;:&quot;fadeIn&quot;,&quot;slides_to_show_mobile&quot;:&quot;1&quot;,&quot;autoplay&quot;:&quot;yes&quot;,&quot;autoplay_speed&quot;:5000,&quot;pause_on_hover&quot;:&quot;yes&quot;,&quot;pause_on_interaction&quot;:&quot;yes&quot;,&quot;infinite&quot;:&quot;yes&quot;,&quot;speed&quot;:500,&quot;offset_sides&quot;:&quot;none&quot;,&quot;pagination&quot;:&quot;bullets&quot;}\" data-widget_type=\"nested-carousel.default\">\n\t\t\t\t<div class=\"elementor-widget-container\">\n\t\t\t\t\t\t\t<div class=\"e-n-carousel swiper-container\" dir=\"ltr\">\n\t\t\t<div class=\"swiper-wrapper\" aria-live=\"off\">\n\t\t\t\t\t\t\t\t\t\t<div class=\"swiper-slide\" data-slide=\"1\" role=\"group\" aria-roledescription=\"slide\" aria-label=\"1 of 1\">\n\t\t\t\t\t\t\t<div class=\"elementor-element elementor-element-591b6059 e-con-full e-flex e-con e-child\" data-id=\"591b6059\" data-element_type=\"container\" data-e-type=\"container\">\n\t\t<div class=\"elementor-element elementor-element-674604d0 e-flex e-con-boxed elementor-invisible e-con e-child\" data-id=\"674604d0\" data-element_type=\"container\" data-e-type=\"container\" data-settings=\"{&quot;background_background&quot;:&quot;classic&quot;,&quot;animation&quot;:&quot;fadeIn&quot;}\">\n\t\t\t\t\t<div class=\"e-con-inner\">\n\t\t<div class=\"elementor-element elementor-element-4ea253ec e-flex e-con-boxed e-con e-child\" data-id=\"4ea253ec\" data-element_type=\"container\" data-e-type=\"container\">\n\t\t\t\t\t<div class=\"e-con-inner\">\n\t\t\t\t<div class=\"elementor-element elementor-element-32b52d38 elementor-widget__width-inherit elementor-widget-mobile__width-inherit elementor-widget elementor-widget-heading\" data-id=\"32b52d38\" data-element_type=\"widget\" data-e-type=\"widget\" data-widget_type=\"heading.default\">\n\t\t\t\t<div class=\"elementor-widget-container\">\n\t\t\t\t\t<h1 class=\"elementor-heading-title elementor-size-default\">Bienvenue dans<br> notre univers !<\/h1>\t\t\t\t<\/div>\n\t\t\t\t<\/div>\n\t\t\t\t<div class=\"elementor-element elementor-element-1037d324 elementor-widget__width-initial elementor-widget-mobile__width-inherit elementor-widget elementor-widget-text-editor\" data-id=\"1037d324\" data-element_type=\"widget\" data-e-type=\"widget\" data-widget_type=\"text-editor.default\">\n\t\t\t\t<div class=\"elementor-widget-container\">\n\t\t\t\t\t\t\t\t\t<p data-start=\"43\" data-end=\"194\">Ici, chaque \u00e9l\u00e9ment a \u00e9t\u00e9 pens\u00e9 pour vous inspirer et vous accompagner dans un mode de vie \u00e9quilibr\u00e9, o\u00f9 la foi, la vision et l\u2019action se rejoignent. Prenez le temps de d\u00e9couvrir notre univers, plongez dans nos valeurs et laissez-vous guider vers une exp\u00e9rience enrichissante !<\/p>\t\t\t\t\t\t\t\t<\/div>\n\t\t\t\t<\/div>\n\t\t\t\t\t<\/div>\n\t\t\t\t<\/div>\n\t\t\t\t\t<\/div>\n\t\t\t\t<\/div>\n\t\t\t\t<div class=\"elementor-element elementor-element-532ab39 elementor-widget elementor-widget-video\" data-id=\"532ab39\" data-element_type=\"widget\" data-e-type=\"widget\" data-settings=\"{&quot;youtube_url&quot;:&quot;https:\\\/\\\/youtube.com\\\/shorts\\\/dZyPLG3zRa0?si=pTBkhEKNjiKAVX2S&quot;,&quot;autoplay&quot;:&quot;yes&quot;,&quot;video_type&quot;:&quot;youtube&quot;,&quot;controls&quot;:&quot;yes&quot;}\" data-widget_type=\"video.default\">\n\t\t\t\t<div class=\"elementor-widget-container\">\n\t\t\t\t\t\t\t<div class=\"elementor-wrapper elementor-open-inline\">\n\t\t\t<div class=\"elementor-video\"><\/div>\t\t<\/div>\n\t\t\t\t\t\t<\/div>\n\t\t\t\t<\/div>\n\t\t<div class=\"elementor-element elementor-element-6dd87b1 e-con-full e-flex e-con e-child\" data-id=\"6dd87b1\" data-element_type=\"container\" data-e-type=\"container\">\n\t\t\t\t<\/div>\n\t\t\t\t<\/div>\n\t\t\t\t\t\t\t\t<\/div>\n\t\t\t\t\t\t\t\t<\/div>\n\t\t<\/div>\n\t\t\t\t\t\t<\/div>\n\t\t\t\t<\/div>\n\t\t\t\t<\/div>\n\t\t<div class=\"elementor-element elementor-element-7d73f67f e-flex e-con-boxed e-con e-parent\" data-id=\"7d73f67f\" data-element_type=\"container\" data-e-type=\"container\" data-settings=\"{&quot;background_background&quot;:&quot;classic&quot;}\">\n\t\t\t\t\t<div class=\"e-con-inner\">\n\t\t<div class=\"elementor-element elementor-element-11a49f01 e-con-full e-flex e-con e-child\" data-id=\"11a49f01\" data-element_type=\"container\" data-e-type=\"container\">\n\t\t\t\t<div class=\"elementor-element elementor-element-643179c elementor-widget elementor-widget-heading\" data-id=\"643179c\" data-element_type=\"widget\" data-e-type=\"widget\" data-widget_type=\"heading.default\">\n\t\t\t\t<div class=\"elementor-widget-container\">\n\t\t\t\t\t<h1 class=\"elementor-heading-title elementor-size-default\">Que repr\u00e9sente la marque ?<\/h1>\t\t\t\t<\/div>\n\t\t\t\t<\/div>\n\t\t\t\t<div class=\"elementor-element elementor-element-119f82f8 elementor-widget__width-initial elementor-widget elementor-widget-heading\" data-id=\"119f82f8\" data-element_type=\"widget\" data-e-type=\"widget\" data-widget_type=\"heading.default\">\n\t\t\t\t<div class=\"elementor-widget-container\">\n\t\t\t\t\t<p class=\"elementor-heading-title elementor-size-default\">La marque est une vision, un lifestyle. Les actions \"pri\u00e8re, boulot, dodo\"\nrepr\u00e9sentent des \u00e9l\u00e9ments importants pour un style de vie \u00e9quilibr\u00e9. La\npri\u00e8re apporte le calme et la r\u00e9flexion, le travail permet de r\u00e9aliser les\nobjectifs auxquels Dieu nous appelle, et le sommeil est essentiel pour la\nsant\u00e9 et le bien-\u00eatre. En combinant ces trois actions, nous cultivons un\n\nmode de vie \u00e9quilibr\u00e9 et \u00e9panouissant.<\/p>\t\t\t\t<\/div>\n\t\t\t\t<\/div>\n\t\t\t\t<\/div>\n\t\t\t\t\t<\/div>\n\t\t\t\t<\/div>\n\t\t<div class=\"elementor-element elementor-element-c03ecd8 e-flex e-con-boxed e-con e-parent\" data-id=\"c03ecd8\" data-element_type=\"container\" data-e-type=\"container\" data-settings=\"{&quot;background_background&quot;:&quot;classic&quot;}\">\n\t\t\t\t\t<div class=\"e-con-inner\">\n\t\t<div class=\"elementor-element elementor-element-7613aee1 e-con-full e-flex e-con e-child\" data-id=\"7613aee1\" data-element_type=\"container\" data-e-type=\"container\">\n\t\t\t\t<div class=\"elementor-element elementor-element-79633af5 elementor-grid-mobile-1 elementor-grid-2 elementor-grid-tablet-2 elementor-product-loop-item--align-center elementor-products-grid elementor-wc-products elementor-widget elementor-widget-woocommerce-products\" data-id=\"79633af5\" data-element_type=\"widget\" data-e-type=\"widget\" data-widget_type=\"woocommerce-products.default\">\n\t\t\t\t<div class=\"elementor-widget-container\">\n\t\t\t\t\t<div class=\"woocommerce columns-2 \"><ul class=\"products elementor-grid columns-2\">\n<li class=\"product type-product post-1288 status-publish first instock product_cat-non-classe has-post-thumbnail taxable shipping-taxable purchasable product-type-simple\">\n\t<a href=\"https:\/\/priereboulotdodo.com\/en\/product\/pbd-vision-01\/\" class=\"woocommerce-LoopProduct-link woocommerce-loop-product__link\"><img fetchpriority=\"high\" decoding=\"async\" width=\"300\" height=\"300\" src=\"https:\/\/priereboulotdodo.com\/wp-content\/uploads\/2026\/04\/img_8787-300x300.jpeg\" class=\"attachment-woocommerce_thumbnail size-woocommerce_thumbnail\" alt=\"PBD \u2014 Vision 01\" srcset=\"https:\/\/priereboulotdodo.com\/wp-content\/uploads\/2026\/04\/img_8787-300x300.jpeg 300w, https:\/\/priereboulotdodo.com\/wp-content\/uploads\/2026\/04\/img_8787-150x150.jpeg 150w, https:\/\/priereboulotdodo.com\/wp-content\/uploads\/2026\/04\/img_8787-100x100.jpeg 100w\" sizes=\"(max-width: 300px) 100vw, 300px\" \/><h2 class=\"woocommerce-loop-product__title\">PBD \u2014 Vision 01<\/h2>\n\t<span class=\"price\"><span class=\"woocommerce-Price-amount amount\"><bdi>14,99&nbsp;<span class=\"woocommerce-Price-currencySymbol\">&euro;<\/span><\/bdi><\/span><\/span>\n<\/a><div class=\"wpced wpced-1288 wpced-product wpced-5l4u\" data-id=\"1288\"><div class=\"wpced-inner\">Estimated delivery dates: Saturday 30. May - Monday 8. June<\/div><\/div><a href=\"\/en\/wp-json\/wp\/v2\/pages\/2?add-to-cart=1288\" aria-describedby=\"woocommerce_loop_add_to_cart_link_describedby_1288\" data-quantity=\"1\" class=\"button product_type_simple add_to_cart_button ajax_add_to_cart\" data-product_id=\"1288\" data-product_sku=\"\" aria-label=\"Add to basket: &ldquo;PBD \u2014 Vision 01&rdquo;\" rel=\"nofollow\" data-success_message=\"&ldquo;PBD \u2014 Vision 01&rdquo; has been added to your basket\" data-product_image_src=\"https:\/\/priereboulotdodo.com\/wp-content\/uploads\/2026\/04\/img_8787-300x300.jpeg\" data-product_image_width=\"300\" data-product_image_height=\"300\" role=\"button\">Add to basket<\/a>\t<span id=\"woocommerce_loop_add_to_cart_link_describedby_1288\" class=\"screen-reader-text\">\n\t\t\t<\/span>\n<\/li>\n<li class=\"product type-product post-1277 status-publish last instock product_cat-t-shirt has-post-thumbnail taxable shipping-taxable purchasable product-type-variable\">\n\t<a href=\"https:\/\/priereboulotdodo.com\/en\/product\/classique-pink\/\" class=\"woocommerce-LoopProduct-link woocommerce-loop-product__link\"><img decoding=\"async\" width=\"300\" height=\"300\" src=\"https:\/\/priereboulotdodo.com\/wp-content\/uploads\/2026\/04\/6af19403-ed2b-4944-ae09-06f5a87566a8-1-300x300.png\" class=\"attachment-woocommerce_thumbnail size-woocommerce_thumbnail\" alt=\"LE CLASSIQUE PINK\" srcset=\"https:\/\/priereboulotdodo.com\/wp-content\/uploads\/2026\/04\/6af19403-ed2b-4944-ae09-06f5a87566a8-1-300x300.png 300w, https:\/\/priereboulotdodo.com\/wp-content\/uploads\/2026\/04\/6af19403-ed2b-4944-ae09-06f5a87566a8-1-150x150.png 150w, https:\/\/priereboulotdodo.com\/wp-content\/uploads\/2026\/04\/6af19403-ed2b-4944-ae09-06f5a87566a8-1-100x100.png 100w\" sizes=\"(max-width: 300px) 100vw, 300px\" \/><h2 class=\"woocommerce-loop-product__title\">LE CLASSIQUE PINK<\/h2>\n\t<span class=\"price\"><span class=\"woocommerce-Price-amount amount\"><bdi>29,99&nbsp;<span class=\"woocommerce-Price-currencySymbol\">&euro;<\/span><\/bdi><\/span><\/span>\n<\/a><div class=\"wpced wpced-1277 wpced-product wpced-5l4u\" data-id=\"1277\"><div class=\"wpced-inner\">Estimated delivery dates: Saturday 30. May - Monday 8. June<\/div><\/div><a href=\"https:\/\/priereboulotdodo.com\/en\/product\/classique-pink\/\" aria-describedby=\"woocommerce_loop_add_to_cart_link_describedby_1277\" data-quantity=\"1\" class=\"button product_type_variable add_to_cart_button\" data-product_id=\"1277\" data-product_sku=\"\" aria-label=\"Select options for &ldquo;LE CLASSIQUE PINK&rdquo;\" rel=\"nofollow\" data-product_image_src=\"https:\/\/priereboulotdodo.com\/wp-content\/uploads\/2026\/04\/6af19403-ed2b-4944-ae09-06f5a87566a8-1-300x300.png\" data-product_image_width=\"300\" data-product_image_height=\"300\">Select options<\/a>\t<span id=\"woocommerce_loop_add_to_cart_link_describedby_1277\" class=\"screen-reader-text\">\n\t\tThis product has multiple variants. The options may be chosen on the product page\t<\/span>\n<\/li>\n<li class=\"product type-product post-1125 status-publish first instock product_cat-non-classe has-post-thumbnail taxable shipping-taxable purchasable product-type-variable\">\n\t<a href=\"https:\/\/priereboulotdodo.com\/en\/product\/coque-pbd-samsung\/\" class=\"woocommerce-LoopProduct-link woocommerce-loop-product__link\"><img decoding=\"async\" width=\"300\" height=\"300\" src=\"https:\/\/priereboulotdodo.com\/wp-content\/uploads\/2025\/11\/01-18-300x300.png\" class=\"attachment-woocommerce_thumbnail size-woocommerce_thumbnail\" alt=\"COQUE PBD SAMSUNG\" srcset=\"https:\/\/priereboulotdodo.com\/wp-content\/uploads\/2025\/11\/01-18-300x300.png 300w, https:\/\/priereboulotdodo.com\/wp-content\/uploads\/2025\/11\/01-18-150x150.png 150w, https:\/\/priereboulotdodo.com\/wp-content\/uploads\/2025\/11\/01-18-100x100.png 100w\" sizes=\"(max-width: 300px) 100vw, 300px\" \/><h2 class=\"woocommerce-loop-product__title\">COQUE PBD SAMSUNG<\/h2>\n\t<span class=\"price\"><span class=\"woocommerce-Price-amount amount\"><bdi>9,99&nbsp;<span class=\"woocommerce-Price-currencySymbol\">&euro;<\/span><\/bdi><\/span><\/span>\n<\/a><div class=\"wpced wpced-1125 wpced-product wpced-5l4u\" data-id=\"1125\"><div class=\"wpced-inner\">Estimated delivery dates: Saturday 30. May - Monday 8. June<\/div><\/div><a href=\"https:\/\/priereboulotdodo.com\/en\/product\/coque-pbd-samsung\/\" aria-describedby=\"woocommerce_loop_add_to_cart_link_describedby_1125\" data-quantity=\"1\" class=\"button product_type_variable add_to_cart_button\" data-product_id=\"1125\" data-product_sku=\"\" aria-label=\"Select options for &ldquo;COQUE PBD SAMSUNG&rdquo;\" rel=\"nofollow\" data-product_image_src=\"https:\/\/priereboulotdodo.com\/wp-content\/uploads\/2025\/11\/01-18-300x300.png\" data-product_image_width=\"300\" data-product_image_height=\"300\">Select options<\/a>\t<span id=\"woocommerce_loop_add_to_cart_link_describedby_1125\" class=\"screen-reader-text\">\n\t\tThis product has multiple variants. The options may be chosen on the product page\t<\/span>\n<\/li>\n<li class=\"product type-product post-1124 status-publish last instock product_cat-accessoire has-post-thumbnail taxable shipping-taxable product-type-grouped\">\n\t<a href=\"https:\/\/priereboulotdodo.com\/en\/product\/coque-pbd-2\/\" class=\"woocommerce-LoopProduct-link woocommerce-loop-product__link\"><img loading=\"lazy\" decoding=\"async\" width=\"300\" height=\"300\" src=\"https:\/\/priereboulotdodo.com\/wp-content\/uploads\/2025\/11\/img_4103-300x300.jpeg\" class=\"attachment-woocommerce_thumbnail size-woocommerce_thumbnail\" alt=\"COQUE PBD\" srcset=\"https:\/\/priereboulotdodo.com\/wp-content\/uploads\/2025\/11\/img_4103-300x300.jpeg 300w, https:\/\/priereboulotdodo.com\/wp-content\/uploads\/2025\/11\/img_4103-150x150.jpeg 150w, https:\/\/priereboulotdodo.com\/wp-content\/uploads\/2025\/11\/img_4103-100x100.jpeg 100w\" sizes=\"(max-width: 300px) 100vw, 300px\" \/><h2 class=\"woocommerce-loop-product__title\">COQUE PBD<\/h2>\n\t<span class=\"price\"><span class=\"woocommerce-Price-amount amount\"><bdi>9,99&nbsp;<span class=\"woocommerce-Price-currencySymbol\">&euro;<\/span><\/bdi><\/span><\/span>\n<\/a><div class=\"wpced wpced-1124 wpced-product wpced-default\" data-id=\"1124\"><\/div><a href=\"https:\/\/priereboulotdodo.com\/en\/product\/coque-pbd-2\/\" aria-describedby=\"woocommerce_loop_add_to_cart_link_describedby_1124\" data-quantity=\"1\" class=\"button product_type_grouped\" data-product_id=\"1124\" data-product_sku=\"\" aria-label=\"View products in the &ldquo;COQUE PBD&rdquo; group\" rel=\"nofollow\" data-product_image_src=\"https:\/\/priereboulotdodo.com\/wp-content\/uploads\/2025\/11\/img_4103-300x300.jpeg\" data-product_image_width=\"300\" data-product_image_height=\"300\">View products<\/a>\t<span id=\"woocommerce_loop_add_to_cart_link_describedby_1124\" class=\"screen-reader-text\">\n\t\t\t<\/span>\n<\/li>\n<\/ul>\n<\/div>\t\t\t\t<\/div>\n\t\t\t\t<\/div>\n\t\t\t\t<\/div>\n\t\t\t\t\t<\/div>\n\t\t\t\t<\/div>\n\t\t<div class=\"elementor-element elementor-element-7c62de50 e-con-full e-grid e-con e-parent\" data-id=\"7c62de50\" data-element_type=\"container\" data-e-type=\"container\" data-settings=\"{&quot;background_background&quot;:&quot;classic&quot;}\">\n\t\t<div class=\"elementor-element elementor-element-beb8602 e-con-full e-flex e-con e-child\" data-id=\"beb8602\" data-element_type=\"container\" data-e-type=\"container\">\n\t\t<div class=\"elementor-element elementor-element-44105dd2 e-grid e-con-full e-con e-child\" data-id=\"44105dd2\" data-element_type=\"container\" data-e-type=\"container\">\n\t\t\t\t<div class=\"elementor-element elementor-element-496a7d77 elementor-widget elementor-widget-image\" data-id=\"496a7d77\" data-element_type=\"widget\" data-e-type=\"widget\" data-widget_type=\"image.default\">\n\t\t\t\t<div class=\"elementor-widget-container\">\n\t\t\t\t\t\t\t\t\t\t\t\t\t\t\t\t<a href=\"https:\/\/priereboulotdodo.com\/wp-content\/uploads\/2026\/01\/IMG_8996.jpg\" data-elementor-open-lightbox=\"yes\" data-elementor-lightbox-title=\"IMG_8996\" data-e-action-hash=\"#elementor-action%3Aaction%3Dlightbox%26settings%3DeyJpZCI6MTIyMCwidXJsIjoiaHR0cHM6XC9cL3ByaWVyZWJvdWxvdGRvZG8uY29tXC93cC1jb250ZW50XC91cGxvYWRzXC8yMDI2XC8wMVwvSU1HXzg5OTYuanBnIn0%3D\">\n\t\t\t\t\t\t\t<img decoding=\"async\" src=\"https:\/\/priereboulotdodo.com\/wp-content\/uploads\/elementor\/thumbs\/IMG_8996-rhb11a0cv50f6s2p1ar1vip67z2x6cshz7k9z67a4w.jpg\" title=\"IMG_8996\" alt=\"IMG_8996\" loading=\"lazy\" \/>\t\t\t\t\t\t\t\t<\/a>\n\t\t\t\t\t\t\t\t\t\t\t\t\t\t\t<\/div>\n\t\t\t\t<\/div>\n\t\t\t\t<div class=\"elementor-element elementor-element-63b6e9 elementor-widget elementor-widget-image\" data-id=\"63b6e9\" data-element_type=\"widget\" data-e-type=\"widget\" data-widget_type=\"image.default\">\n\t\t\t\t<div class=\"elementor-widget-container\">\n\t\t\t\t\t\t\t\t\t\t\t\t\t\t\t\t<a href=\"https:\/\/priereboulotdodo.com\/wp-content\/uploads\/2025\/07\/IMG_0928-2.jpg\" data-elementor-open-lightbox=\"yes\" data-elementor-lightbox-title=\"IMG_0928 2\" data-e-action-hash=\"#elementor-action%3Aaction%3Dlightbox%26settings%3DeyJpZCI6ODAzLCJ1cmwiOiJodHRwczpcL1wvcHJpZXJlYm91bG90ZG9kby5jb21cL3dwLWNvbnRlbnRcL3VwbG9hZHNcLzIwMjVcLzA3XC9JTUdfMDkyOC0yLmpwZyJ9\">\n\t\t\t\t\t\t\t<img decoding=\"async\" src=\"https:\/\/priereboulotdodo.com\/wp-content\/uploads\/elementor\/thumbs\/IMG_0928-2-r8lvo53b4r3a5ayw88fzi474lmdwg7m0032xlmwfm8.jpg\" title=\"IMG_0928 2\" alt=\"IMG_0928 2\" loading=\"lazy\" \/>\t\t\t\t\t\t\t\t<\/a>\n\t\t\t\t\t\t\t\t\t\t\t\t\t\t\t<\/div>\n\t\t\t\t<\/div>\n\t\t\t\t<\/div>\n\t\t\t\t<div class=\"elementor-element elementor-element-2aa5c1ef elementor-widget elementor-widget-image\" data-id=\"2aa5c1ef\" data-element_type=\"widget\" data-e-type=\"widget\" data-widget_type=\"image.default\">\n\t\t\t\t<div class=\"elementor-widget-container\">\n\t\t\t\t\t\t\t\t\t\t\t\t\t\t\t\t<a href=\"https:\/\/priereboulotdodo.com\/wp-content\/uploads\/2026\/01\/IMG_8748.jpg\" data-elementor-open-lightbox=\"yes\" data-elementor-lightbox-title=\"IMG_8748\" data-e-action-hash=\"#elementor-action%3Aaction%3Dlightbox%26settings%3DeyJpZCI6MTIyMywidXJsIjoiaHR0cHM6XC9cL3ByaWVyZWJvdWxvdGRvZG8uY29tXC93cC1jb250ZW50XC91cGxvYWRzXC8yMDI2XC8wMVwvSU1HXzg3NDguanBnIn0%3D\">\n\t\t\t\t\t\t\t<img decoding=\"async\" src=\"https:\/\/priereboulotdodo.com\/wp-content\/uploads\/elementor\/thumbs\/IMG_8748-rhb15k686im3ky18tj8z25wa63le3e5u3hh9wzd7o0.jpg\" title=\"IMG_8748\" alt=\"IMG_8748\" loading=\"lazy\" \/>\t\t\t\t\t\t\t\t<\/a>\n\t\t\t\t\t\t\t\t\t\t\t\t\t\t\t<\/div>\n\t\t\t\t<\/div>\n\t\t\t\t<\/div>\n\t\t<div class=\"elementor-element elementor-element-5ba01b2a e-con-full e-flex e-con e-child\" data-id=\"5ba01b2a\" data-element_type=\"container\" data-e-type=\"container\">\n\t\t\t\t<div class=\"elementor-element elementor-element-75ca1401 elementor-widget elementor-widget-image\" data-id=\"75ca1401\" data-element_type=\"widget\" data-e-type=\"widget\" data-widget_type=\"image.default\">\n\t\t\t\t<div class=\"elementor-widget-container\">\n\t\t\t\t\t\t\t\t\t\t\t\t\t\t\t\t<a href=\"https:\/\/priereboulotdodo.com\/wp-content\/uploads\/2026\/01\/IMG_8980.jpg\" data-elementor-open-lightbox=\"yes\" data-elementor-lightbox-title=\"IMG_8980\" data-e-action-hash=\"#elementor-action%3Aaction%3Dlightbox%26settings%3DeyJpZCI6MTIyMSwidXJsIjoiaHR0cHM6XC9cL3ByaWVyZWJvdWxvdGRvZG8uY29tXC93cC1jb250ZW50XC91cGxvYWRzXC8yMDI2XC8wMVwvSU1HXzg5ODAuanBnIn0%3D\">\n\t\t\t\t\t\t\t<img decoding=\"async\" src=\"https:\/\/priereboulotdodo.com\/wp-content\/uploads\/elementor\/thumbs\/IMG_8980-rhb143ixd8ve0nz8kimrct2ydl6k9nzid60pt20rgw.jpg\" title=\"IMG_8980\" alt=\"IMG_8980\" loading=\"lazy\" \/>\t\t\t\t\t\t\t\t<\/a>\n\t\t\t\t\t\t\t\t\t\t\t\t\t\t\t<\/div>\n\t\t\t\t<\/div>\n\t\t\t\t<\/div>\n\t\t\t\t<\/div>\n\t\t<div class=\"elementor-element elementor-element-65cd290c e-flex e-con-boxed e-con e-parent\" data-id=\"65cd290c\" data-element_type=\"container\" data-e-type=\"container\" data-settings=\"{&quot;background_background&quot;:&quot;classic&quot;}\">\n\t\t\t\t\t<div class=\"e-con-inner\">\n\t\t<div class=\"elementor-element elementor-element-6e6301ea e-con-full e-flex e-con e-child\" data-id=\"6e6301ea\" data-element_type=\"container\" data-e-type=\"container\" data-settings=\"{&quot;background_background&quot;:&quot;classic&quot;}\">\n\t\t\t\t<div class=\"elementor-element elementor-element-1dde6263 elementor-widget__width-initial elementor-widget elementor-widget-text-editor\" data-id=\"1dde6263\" data-element_type=\"widget\" data-e-type=\"widget\" data-widget_type=\"text-editor.default\">\n\t\t\t\t<div class=\"elementor-widget-container\">\n\t\t\t\t\t\t\t\t\t<p data-start=\"0\" data-end=\"106\"><strong data-start=\"235\" data-end=\"361\" data-is-last-node=\"\">Cette marque, c&rsquo;est bien plus qu&rsquo;un simple nom. C&rsquo;est le reflet de notre quotidien, de nos valeurs et de notre engagement.<\/strong><\/p>\t\t\t\t\t\t\t\t<\/div>\n\t\t\t\t<\/div>\n\t\t\t\t<\/div>\n\t\t\t\t\t<\/div>\n\t\t\t\t<\/div>\n\t\t\t\t<\/div>\n\t\t","protected":false},"excerpt":{"rendered":"<p>Bienvenue dans notre univers ! Ici, chaque \u00e9l\u00e9ment a \u00e9t\u00e9 pens\u00e9 pour vous inspirer et vous accompagner dans un mode de vie \u00e9quilibr\u00e9, o\u00f9 la foi, la vision et l\u2019action se rejoignent. Prenez le temps de d\u00e9couvrir notre univers, plongez dans nos valeurs et laissez-vous guider vers une exp\u00e9rience enrichissante ! Bienvenue dans notre univers [&hellip;]<\/p>\n","protected":false},"author":1,"featured_media":564,"parent":0,"menu_order":0,"comment_status":"closed","ping_status":"open","template":"","meta":{"footnotes":""},"class_list":["post-2","page","type-page","status-publish","has-post-thumbnail","hentry"],"jetpack_sharing_enabled":true,"_links":{"self":[{"href":"https:\/\/priereboulotdodo.com\/en\/wp-json\/wp\/v2\/pages\/2","targetHints":{"allow":["GET"]}}],"collection":[{"href":"https:\/\/priereboulotdodo.com\/en\/wp-json\/wp\/v2\/pages"}],"about":[{"href":"https:\/\/priereboulotdodo.com\/en\/wp-json\/wp\/v2\/types\/page"}],"author":[{"embeddable":true,"href":"https:\/\/priereboulotdodo.com\/en\/wp-json\/wp\/v2\/users\/1"}],"replies":[{"embeddable":true,"href":"https:\/\/priereboulotdodo.com\/en\/wp-json\/wp\/v2\/comments?post=2"}],"version-history":[{"count":66,"href":"https:\/\/priereboulotdodo.com\/en\/wp-json\/wp\/v2\/pages\/2\/revisions"}],"predecessor-version":[{"id":1244,"href":"https:\/\/priereboulotdodo.com\/en\/wp-json\/wp\/v2\/pages\/2\/revisions\/1244"}],"wp:featuredmedia":[{"embeddable":true,"href":"https:\/\/priereboulotdodo.com\/en\/wp-json\/wp\/v2\/media\/564"}],"wp:attachment":[{"href":"https:\/\/priereboulotdodo.com\/en\/wp-json\/wp\/v2\/media?parent=2"}],"curies":[{"name":"wp","href":"https:\/\/api.w.org\/{rel}","templated":true}]}}