{"id":1277,"date":"2026-04-06T19:56:15","date_gmt":"2026-04-06T19:56:15","guid":{"rendered":"https:\/\/priereboulotdodo.com\/produit\/classique-pink\/"},"modified":"2026-04-07T11:27:19","modified_gmt":"2026-04-07T11:27:19","slug":"classique-pink","status":"publish","type":"product","link":"https:\/\/priereboulotdodo.com\/en\/product\/classique-pink\/","title":{"rendered":"LE CLASSIQUE PINK"},"content":{"rendered":"<p><strong>Pr\u00e9commande \u2014 exp\u00e9dition sous 2 semaines minimum. <\/strong><\/p>\n<h5><strong> <\/strong><\/h5>\n<h5><\/h5>\n<h5> Obligatoire : num\u00e9ro de t\u00e9l\u00e9phone requis<\/h5>\n<h5>PBD s\u2019engage \u00e0 traiter vos commandes dans les meilleurs d\u00e9lais.<\/h5>\n<div>Voici nos d\u00e9lais estim\u00e9s :<\/div>\n<div>\u2022Pour les livraisons en France (\u00cele-de-France ) : Entre 6 et 12 jours ouvr\u00e9s.<\/div>\n<div>\u2022Pour les livraisons nationales (toute la France) : Entre 9 et 15 jours ouvr\u00e9s.<\/div>\n<div>\u2022Pour les livraisons internationales : Entre 3 semaines et 1 mois.<\/div>\n<div><\/div>\n<div>Important : Ces d\u00e9lais peuvent varier en fonction de l\u2019affluence des commandes. Si un allongement des d\u00e9lais est n\u00e9cessaire, nous vous informerons imm\u00e9diatement afin de vous tenir au courant de l\u2019\u00e9volution de votre commande.<\/div>\n<div>Nous vous remercions pour votre compr\u00e9hension et restons \u00e0 votre disposition pour toute question.<\/div>","protected":false},"excerpt":{"rendered":"<p>Pr\u00e9commande \u2014 exp\u00e9dition sous 2 semaines minimum. Obligatoire : num\u00e9ro de t\u00e9l\u00e9phone requis PBD s\u2019engage \u00e0 traiter vos commandes dans les meilleurs d\u00e9lais. Voici nos d\u00e9lais estim\u00e9s : \u2022Pour les livraisons en France (\u00cele-de-France ) : Entre 6 et 12 jours ouvr\u00e9s. \u2022Pour les livraisons nationales (toute la France) : Entre 9 et 15 jours [&hellip;]<\/p>\n","protected":false},"featured_media":1275,"template":"","meta":[],"product_brand":[],"product_cat":[45],"product_tag":[],"class_list":{"0":"post-1277","1":"product","2":"type-product","3":"status-publish","4":"has-post-thumbnail","6":"product_cat-t-shirt","8":"first","9":"instock","10":"taxable","11":"shipping-taxable","12":"purchasable","13":"product-type-variable"},"jetpack_sharing_enabled":true,"_links":{"self":[{"href":"https:\/\/priereboulotdodo.com\/en\/wp-json\/wp\/v2\/product\/1277","targetHints":{"allow":["GET"]}}],"collection":[{"href":"https:\/\/priereboulotdodo.com\/en\/wp-json\/wp\/v2\/product"}],"about":[{"href":"https:\/\/priereboulotdodo.com\/en\/wp-json\/wp\/v2\/types\/product"}],"wp:featuredmedia":[{"embeddable":true,"href":"https:\/\/priereboulotdodo.com\/en\/wp-json\/wp\/v2\/media\/1275"}],"wp:attachment":[{"href":"https:\/\/priereboulotdodo.com\/en\/wp-json\/wp\/v2\/media?parent=1277"}],"wp:term":[{"taxonomy":"product_brand","embeddable":true,"href":"https:\/\/priereboulotdodo.com\/en\/wp-json\/wp\/v2\/product_brand?post=1277"},{"taxonomy":"product_cat","embeddable":true,"href":"https:\/\/priereboulotdodo.com\/en\/wp-json\/wp\/v2\/product_cat?post=1277"},{"taxonomy":"product_tag","embeddable":true,"href":"https:\/\/priereboulotdodo.com\/en\/wp-json\/wp\/v2\/product_tag?post=1277"}],"curies":[{"name":"wp","href":"https:\/\/api.w.org\/{rel}","templated":true}]}}